{"id":3079,"date":"2020-03-01T22:17:57","date_gmt":"2020-03-01T22:17:57","guid":{"rendered":"https:\/\/sarilho.net\/?page_id=3079"},"modified":"2020-03-01T22:17:57","modified_gmt":"2020-03-01T22:17:57","slug":"o-complexo-da-regula","status":"publish","type":"page","link":"https:\/\/sarilho.net\/en\/o-complexo-da-regula","title":{"rendered":"The R\u00e9gula Complex"},"content":{"rendered":"<p><\/p>\n<div class=\"headerlocation\" style=\"background-image:url('\/\/sarilho.net\/wordpress\/wp-content\/uploads\/2020\/03\/mapa-regula.png');\" class=\"expand-cover\">\n<div class=\"info_location\">\n<p><img decoding=\"async\" loading=\"lazy\" class=\"aligncenter\" src=\"\/\/sarilho.net\/wordpress\/wp-content\/uploads\/2020\/03\/regula_stamp.png\" alt=\"\" width=\"140\" height=\"140\" \/><\/p>\n<p>The military complex located in the R\u00e9gula region is comprised of two main locations:<\/p>\n<ul>\n<li>R\u00e9gula I: the larger military complex, where most of R\u00e9gula&#8217;s Infantry regiment is stationed. Works essencially on border defense.\n<li>R\u00e9gula II, by the riverside, concerned with the operations regarding the electrical infrastructure rebuilding, with particular focus on R\u00e9gula&#8217;s Dam.<\/li>\n<\/ul>\n<p>The M\u00e9sano and Santigno border outposts are under the Complex&#8217;s jurisdiction. Additionally, there are several small towns around the complex, supporting the military but not being part of it. <\/p>\n<p>The Complex has a continuously operating Augur Office and a train line.\n<\/p><\/div>\n<p><\/p>","protected":false},"excerpt":{"rendered":"<p>The military complex located in the R\u00e9gula region is comprised of two main locations: R\u00e9gula I: the larger military complex, where most of R\u00e9gula&#8217;s Infantry regiment is stationed. Works essencially on border defense. R\u00e9gula II, by the riverside, concerned with[&hellip;]<a class=\"more-link\" href=\"https:\/\/sarilho.net\/en\/o-complexo-da-regula\">&darr; Read the rest of this entry&#8230;<\/a><\/p>\n","protected":false},"author":1,"featured_media":0,"parent":0,"menu_order":0,"comment_status":"closed","ping_status":"closed","template":"","meta":[],"_links":{"self":[{"href":"https:\/\/sarilho.net\/en\/wp-json\/wp\/v2\/pages\/3079"}],"collection":[{"href":"https:\/\/sarilho.net\/en\/wp-json\/wp\/v2\/pages"}],"about":[{"href":"https:\/\/sarilho.net\/en\/wp-json\/wp\/v2\/types\/page"}],"author":[{"embeddable":true,"href":"https:\/\/sarilho.net\/en\/wp-json\/wp\/v2\/users\/1"}],"replies":[{"embeddable":true,"href":"https:\/\/sarilho.net\/en\/wp-json\/wp\/v2\/comments?post=3079"}],"version-history":[{"count":0,"href":"https:\/\/sarilho.net\/en\/wp-json\/wp\/v2\/pages\/3079\/revisions"}],"wp:attachment":[{"href":"https:\/\/sarilho.net\/en\/wp-json\/wp\/v2\/media?parent=3079"}],"curies":[{"name":"wp","href":"https:\/\/api.w.org\/{rel}","templated":true}]}}